{"id":2,"date":"2025-04-17T20:58:37","date_gmt":"2025-04-17T18:58:37","guid":{"rendered":"http:\/\/testwp68-ai.you2.pl\/?page_id=2"},"modified":"2026-02-17T11:35:22","modified_gmt":"2026-02-17T10:35:22","slug":"przykladowa-strona","status":"publish","type":"page","link":"http:\/\/nowadroga.inkubator.org.pl\/index.php\/przykladowa-strona\/","title":{"rendered":"INFORMACJE O PROJEKCIE"},"content":{"rendered":"\n<p><strong>Projekt \u201eNowa droga\u201d jest wsp\u00f3\u0142finansowany ze \u015brodk\u00f3w Unii Europejskiej z Funduszu na rzecz Sprawiedliwej Transformacji w ramach programu regionalnego Fundusze Europejskie dla&nbsp;\u0141\u00f3dzkiego 2021 \u2013 2027.<\/strong><\/p>\n\n\n\n<p>Projekt \u201eNowa droga\u201d jest realizowany przez Fundacj\u0119 Inkubator w \u0141odzi&nbsp; na podstawie umowy<br>o dofinansowanie realizacji projektu podpisanej z Instytucj\u0105 Zarz\u0105dzaj\u0105c\u0105&nbsp; &#8211; Zarz\u0105dem Wojew\u00f3dztwa \u0141\u00f3dzkiego.<\/p>\n\n\n\n<p><strong><u>Grupa docelowa:<\/u><\/strong><\/p>\n\n\n\n<p>40 os\u00f3b (10 kobiet i 30 m\u0119\u017cczyzn) zwolnionych z pracy w okresie nie d\u0142u\u017cszym ni\u017c 6 miesi\u0119cy przed dniem przyst\u0105pienia do projektu, przewidzianych do zwolnienia lub zagro\u017conych zwolnieniem z pracy<br>z przyczyn dotycz\u0105cych zak\u0142adu pracy, ucz\u0105cych si\u0119\/pracuj\u0105cych lub zamieszkuj\u0105cych na terenie obszaru transformacji wojew\u00f3dztwa \u0142\u00f3dzkiego (zgodnie z art. 25 Kodeksu cywilnego). Projekt jest skierowany do os\u00f3b, kt\u00f3re ze wzgl\u0119du na posiadane kompetencje\/predyspozycje s\u0105 zainteresowane podj\u0119ciem zatrudnienia na umow\u0119 o prac\u0119. Premiowane b\u0119d\u0105 osoby zwolnione do 6 m-cy z przyczyn dot. zak\u0142adu pracy, przewidziane do zwolnienia, kobiety, osoby z niepe\u0142nosprawno\u015bciami, osoby do 30 i powy\u017cej 50 roku \u017cycia oraz osoby o niskich kwalifikacjach.<\/p>\n\n\n\n<p><strong><u>Dzia\u0142ania prowadzone w ramach projektu:<\/u><\/strong><\/p>\n\n\n\n<ul class=\"wp-block-list\">\n<li>opracowanie Indywidualnego Planu Dzia\u0142ania (IPD) w wymiarze 4 h\/osob\u0119 \u2013 wsparcie obowi\u0105zkowe dla wszystkich uczestnik\u00f3w projektu;<\/li>\n\n\n\n<li>szkolenia, kursy i egzaminy zawodowe dostosowane do predyspozycji uczestnik\u00f3w projektu<br>i zapotrzebowania rynku pracy, realizowane wy\u0142\u0105cznie przez podmioty zewn\u0119trzne wpisane do Bazy Us\u0142ug Rozwojowych (BUR) \u2013 dla 15 os\u00f3b.<\/li>\n\n\n\n<li>p\u0142atne sta\u017ce zawodowe trwaj\u0105ce do 6 m-cy i przygotowuj\u0105ce do podj\u0119cia pracy w nowym zawodzie \u2013 dla 12 uczestnik\u00f3w projektu;<\/li>\n\n\n\n<li>subsydiowanie zatrudnienie przez 6 m-cy \u2013 dla 27 uczestnik\u00f3w projektu. Wsparcie polega na refundacji do kwoty 7360 z\u0142\/m-c koszt\u00f3w zatrudnienia uczestnika projektu (wynagrodzenie brutto, narzuty pracodawcy). Pracodawca zobowi\u0105zany jest wnie\u015b\u0107 wk\u0142ad w\u0142asny w wysoko\u015bci 640 z\u0142\/miesi\u0105c;<\/li>\n\n\n\n<li>po\u015brednictwo pracy \u2013 dla 40 uczestnik\u00f3w projektu;<\/li>\n\n\n\n<li>wsparcie psychologiczne \u2013 wsparcie uzupe\u0142niaj\u0105ce, wg potrzeb uczestnik\u00f3w.<\/li>\n<\/ul>\n\n\n\n<p><strong><u>G\u0142\u00f3wne rezultaty przewidziane do osi\u0105gni\u0119cia:<\/u><\/strong><\/p>\n\n\n\n<p>1.Liczba os\u00f3b obj\u0119tych wsparciem z zakresu outplacementu &#8211; 40 os\u00f3b (10K, 30 M).<\/p>\n\n\n\n<p>2.Liczba os\u00f3b, kt\u00f3re w wyniku realizacji wsparcia z zakresu outplacementu\/poprawy \u015brodowiska pracy podj\u0119\u0142y prac\u0119 lub kontynuowa\u0142y zatrudnienie &#8211; 32 osoby (8K, 24M).<\/p>\n\n\n\n<p>3.Liczba os\u00f3b, kt\u00f3re uzyska\u0142y kwalifikacje po opuszczeniu programu \u2013 12 os\u00f3b (3K, 9M).<\/p>\n\n\n\n<p><\/p>\n\n\n\n<p><strong>Ca\u0142kowity koszt projektu:<\/strong>    2.071.497,98 z\u0142<\/p>\n\n\n\n<p><strong>Wysoko\u015b\u0107 wk\u0142adu Funduszy Europejskich:<\/strong>   1.760.773,28 z\u0142<\/p>\n\n\n\n<p class=\"has-text-align-center\"><a href=\"https:\/\/www.facebook.com\/hashtag\/funduszeue\"><strong>#FunduszeUE <\/strong><\/a><a href=\"https:\/\/www.facebook.com\/hashtag\/funduszeue\"><strong>#FunduszeEuropejskie<\/strong><\/a><\/p>\n\n\n\n<p><\/p>\n","protected":false},"excerpt":{"rendered":"<p>Projekt \u201eNowa droga\u201d jest wsp\u00f3\u0142finansowany ze \u015brodk\u00f3w Unii Europejskiej z Funduszu na rzecz Sprawiedliwej Transformacji w ramach programu regionalnego Fundusze Europejskie dla&nbsp;\u0141\u00f3dzkiego 2021 \u2013 2027. Projekt \u201eNowa droga\u201d jest realizowany&hellip;<\/p>\n","protected":false},"author":1,"featured_media":0,"parent":0,"menu_order":0,"comment_status":"closed","ping_status":"open","template":"","meta":{"footnotes":""},"class_list":["post-2","page","type-page","status-publish","hentry"],"_links":{"self":[{"href":"http:\/\/nowadroga.inkubator.org.pl\/index.php\/wp-json\/wp\/v2\/pages\/2","targetHints":{"allow":["GET"]}}],"collection":[{"href":"http:\/\/nowadroga.inkubator.org.pl\/index.php\/wp-json\/wp\/v2\/pages"}],"about":[{"href":"http:\/\/nowadroga.inkubator.org.pl\/index.php\/wp-json\/wp\/v2\/types\/page"}],"author":[{"embeddable":true,"href":"http:\/\/nowadroga.inkubator.org.pl\/index.php\/wp-json\/wp\/v2\/users\/1"}],"replies":[{"embeddable":true,"href":"http:\/\/nowadroga.inkubator.org.pl\/index.php\/wp-json\/wp\/v2\/comments?post=2"}],"version-history":[{"count":3,"href":"http:\/\/nowadroga.inkubator.org.pl\/index.php\/wp-json\/wp\/v2\/pages\/2\/revisions"}],"predecessor-version":[{"id":38,"href":"http:\/\/nowadroga.inkubator.org.pl\/index.php\/wp-json\/wp\/v2\/pages\/2\/revisions\/38"}],"wp:attachment":[{"href":"http:\/\/nowadroga.inkubator.org.pl\/index.php\/wp-json\/wp\/v2\/media?parent=2"}],"curies":[{"name":"wp","href":"https:\/\/api.w.org\/{rel}","templated":true}]}}